{"id":394,"date":"2026-04-07T04:49:28","date_gmt":"2026-04-07T02:49:28","guid":{"rendered":"https:\/\/poethick.com\/prototype\/?post_type=product&#038;p=394"},"modified":"2026-04-07T04:50:44","modified_gmt":"2026-04-07T02:50:44","slug":"la-nefertiti-huile-de-nigelle-100-pure-poethick","status":"publish","type":"product","link":"https:\/\/poethick.com\/prototype\/produit\/la-nefertiti-huile-de-nigelle-100-pure-poethick\/","title":{"rendered":"La N\u00e9fertiti Huile de Nigelle 100% Pure P\u00f4\u00c9thick"},"content":{"rendered":"<h2 dir=\"auto\">L\u2019histoire de La N\u00e9fertiti<\/h2>\n<p dir=\"auto\">Aujourd&#8217;hui et pour les ann\u00e9es \u00e0 venir, la beaut\u00e9 authentique puise dans les tr\u00e9sors les plus anciens de l\u2019humanit\u00e9.<\/p>\n<p dir=\"auto\">Depuis l\u2019\u00c9gypte ancienne jusqu\u2019aux terres fertiles du Maroc, la nigelle (Nigella sativa), aussi appel\u00e9e \u00ab graine de la b\u00e9n\u00e9diction \u00bb, a toujours \u00e9t\u00e9 v\u00e9n\u00e9r\u00e9e pour sa force exceptionnelle. Ses petites graines noires renferment une huile dense et pr\u00e9cieuse, symbole de protection et de r\u00e9g\u00e9n\u00e9ration.<\/p>\n<p dir=\"auto\">P\u00f4\u00c9thick a choisi cette huile de nigelle pour sa puissance ancestrale et son h\u00e9ritage intemporel. Nous travaillons avec des coop\u00e9ratives marocaines qui cultivent et pressent la nigelle selon les m\u00e9thodes traditionnelles, dans le respect de la terre et des savoir-faire transmis de g\u00e9n\u00e9ration en g\u00e9n\u00e9ration.<\/p>\n<p dir=\"auto\">La N\u00e9fertiti incarne l\u2019huile du futur : protectrice, purifiante et profond\u00e9ment bienfaisante, elle r\u00e9v\u00e8le la beaut\u00e9 naturelle tout en honorant la sagesse des civilisations pass\u00e9es.<\/p>\n","protected":false},"excerpt":{"rendered":"<p dir=\"auto\">D\u00e9couvrez La N\u00e9fertiti, l\u2019huile de nigelle PoEthick. 100% pure et press\u00e9e \u00e0 froid, cette huile rare venue du Maroc est reconnue pour ses puissantes propri\u00e9t\u00e9s apaisantes, purifiantes et r\u00e9g\u00e9n\u00e9rantes. Id\u00e9ale pour les peaux sensibles, \u00e0 imperfections ou matures, elle calme les irritations, att\u00e9nue les rougeurs et renforce l\u2019\u00e9clat naturel de la peau et des cheveux.<\/p>\n","protected":false},"featured_media":383,"comment_status":"open","ping_status":"closed","template":"","meta":{"_kad_blocks_custom_css":"","_kad_blocks_head_custom_js":"","_kad_blocks_body_custom_js":"","_kad_blocks_footer_custom_js":""},"product_brand":[],"product_cat":[17],"product_tag":[],"class_list":{"0":"post-394","1":"product","2":"type-product","3":"status-publish","4":"has-post-thumbnail","6":"product_cat-non-classe","8":"first","9":"instock","10":"shipping-taxable","11":"purchasable","12":"product-type-simple"},"taxonomy_info":{"product_cat":[{"value":17,"label":"Non class\u00e9"}]},"featured_image_src_large":["https:\/\/poethick.com\/prototype\/wp-content\/uploads\/2026\/04\/Nefertiti.avif",1000,1000,false],"author_info":[],"comment_info":0,"_links":{"self":[{"href":"https:\/\/poethick.com\/prototype\/wp-json\/wp\/v2\/product\/394","targetHints":{"allow":["GET"]}}],"collection":[{"href":"https:\/\/poethick.com\/prototype\/wp-json\/wp\/v2\/product"}],"about":[{"href":"https:\/\/poethick.com\/prototype\/wp-json\/wp\/v2\/types\/product"}],"replies":[{"embeddable":true,"href":"https:\/\/poethick.com\/prototype\/wp-json\/wp\/v2\/comments?post=394"}],"wp:featuredmedia":[{"embeddable":true,"href":"https:\/\/poethick.com\/prototype\/wp-json\/wp\/v2\/media\/383"}],"wp:attachment":[{"href":"https:\/\/poethick.com\/prototype\/wp-json\/wp\/v2\/media?parent=394"}],"wp:term":[{"taxonomy":"product_brand","embeddable":true,"href":"https:\/\/poethick.com\/prototype\/wp-json\/wp\/v2\/product_brand?post=394"},{"taxonomy":"product_cat","embeddable":true,"href":"https:\/\/poethick.com\/prototype\/wp-json\/wp\/v2\/product_cat?post=394"},{"taxonomy":"product_tag","embeddable":true,"href":"https:\/\/poethick.com\/prototype\/wp-json\/wp\/v2\/product_tag?post=394"}],"curies":[{"name":"wp","href":"https:\/\/api.w.org\/{rel}","templated":true}]}}