{"id":382,"date":"2026-04-07T04:27:30","date_gmt":"2026-04-07T02:27:30","guid":{"rendered":"https:\/\/poethick.com\/prototype\/?post_type=product&#038;p=382"},"modified":"2026-04-07T04:50:08","modified_gmt":"2026-04-07T02:50:08","slug":"la-spinoza-huile-dargan-100-pure-poethick","status":"publish","type":"product","link":"https:\/\/poethick.com\/prototype\/produit\/la-spinoza-huile-dargan-100-pure-poethick\/","title":{"rendered":"La Spinoza Huile d\u2019Argan 100% Pure P\u00f4\u00c9thick"},"content":{"rendered":"<h2 dir=\"auto\">L\u2019histoire de La Spinoza<\/h2>\n<p dir=\"auto\">Aujourd&#8217;hui et pour les ann\u00e9es \u00e0 venir, la beaut\u00e9 authentique c\u00e9l\u00e8bre les tr\u00e9sors ancestraux du Maroc.<\/p>\n<p dir=\"auto\">Au c\u0153ur des for\u00eats d&#8217;arganeraies du sud-ouest marocain, l\u2019arganier (Argania spinosa), arbre symbole de r\u00e9silience, produit des fruits aux noix dures renfermant un or liquide rare et pr\u00e9cieux.<\/p>\n<p dir=\"auto\">P\u00f4\u00c9thick a choisi cette huile d\u2019argan pour sa richesse exceptionnelle et son h\u00e9ritage mill\u00e9naire. Nous travaillons en \u00e9troite collaboration avec des coop\u00e9ratives de femmes berb\u00e8res qui perp\u00e9tuent le savoir-faire traditionnel de l\u2019extraction de l\u2019huile d\u2019argan, dans le respect de l\u2019arbre et de la biodiversit\u00e9.<\/p>\n<p dir=\"auto\">La Spinoza incarne l\u2019huile du futur : nourrissante, protectrice et profond\u00e9ment r\u00e9g\u00e9n\u00e9rante, elle r\u00e9v\u00e8le la beaut\u00e9 naturelle tout en honorant les traditions ancestrales.<\/p>\n","protected":false},"excerpt":{"rendered":"<p dir=\"auto\">D\u00e9couvrez La Spinoza, l\u2019huile d\u2019argan PoEthick. 100% pure, press\u00e9e \u00e0 froid et originaire du Maroc, cette huile pr\u00e9cieuse nourrit intens\u00e9ment, hydrate en profondeur et prot\u00e8ge la peau et les cheveux. Riche en vitamine E et acides gras essentiels, elle est id\u00e9ale pour les peaux s\u00e8ches, matures ou ab\u00eem\u00e9es et redonne souplesse et brillance aux cheveux.<\/p>\n","protected":false},"featured_media":384,"comment_status":"open","ping_status":"closed","template":"","meta":{"_kad_blocks_custom_css":"","_kad_blocks_head_custom_js":"","_kad_blocks_body_custom_js":"","_kad_blocks_footer_custom_js":""},"product_brand":[],"product_cat":[17],"product_tag":[],"class_list":{"0":"post-382","1":"product","2":"type-product","3":"status-publish","4":"has-post-thumbnail","6":"product_cat-non-classe","8":"first","9":"instock","10":"shipping-taxable","11":"purchasable","12":"product-type-simple"},"taxonomy_info":{"product_cat":[{"value":17,"label":"Non class\u00e9"}]},"featured_image_src_large":["https:\/\/poethick.com\/prototype\/wp-content\/uploads\/2026\/04\/Spinoza.avif",1000,1000,false],"author_info":[],"comment_info":0,"_links":{"self":[{"href":"https:\/\/poethick.com\/prototype\/wp-json\/wp\/v2\/product\/382","targetHints":{"allow":["GET"]}}],"collection":[{"href":"https:\/\/poethick.com\/prototype\/wp-json\/wp\/v2\/product"}],"about":[{"href":"https:\/\/poethick.com\/prototype\/wp-json\/wp\/v2\/types\/product"}],"replies":[{"embeddable":true,"href":"https:\/\/poethick.com\/prototype\/wp-json\/wp\/v2\/comments?post=382"}],"wp:featuredmedia":[{"embeddable":true,"href":"https:\/\/poethick.com\/prototype\/wp-json\/wp\/v2\/media\/384"}],"wp:attachment":[{"href":"https:\/\/poethick.com\/prototype\/wp-json\/wp\/v2\/media?parent=382"}],"wp:term":[{"taxonomy":"product_brand","embeddable":true,"href":"https:\/\/poethick.com\/prototype\/wp-json\/wp\/v2\/product_brand?post=382"},{"taxonomy":"product_cat","embeddable":true,"href":"https:\/\/poethick.com\/prototype\/wp-json\/wp\/v2\/product_cat?post=382"},{"taxonomy":"product_tag","embeddable":true,"href":"https:\/\/poethick.com\/prototype\/wp-json\/wp\/v2\/product_tag?post=382"}],"curies":[{"name":"wp","href":"https:\/\/api.w.org\/{rel}","templated":true}]}}